{"id":3,"date":"2020-09-30T07:19:41","date_gmt":"2020-09-30T07:19:41","guid":{"rendered":"https:\/\/rosaquae.it\/?page_id=3"},"modified":"2021-05-17T15:56:44","modified_gmt":"2021-05-17T15:56:44","slug":"privacy-policy","status":"publish","type":"page","link":"https:\/\/rosaquae.it\/index.php\/privacy-policy\/","title":{"rendered":"Privacy Policy"},"content":{"rendered":"<p><a href=\"https:\/\/rosaquae.it\/\"><img decoding=\"async\" class=\"aligncenter wp-image-21\" src=\"https:\/\/rosaquae.it\/wp-content\/uploads\/2020\/10\/Logo-Rosaquae-2020-300x152.png\" alt=\"\" width=\"200\" height=\"102\" srcset=\"https:\/\/rosaquae.it\/wp-content\/uploads\/2020\/10\/Logo-Rosaquae-2020-300x152.png 300w, https:\/\/rosaquae.it\/wp-content\/uploads\/2020\/10\/Logo-Rosaquae-2020-768x390.png 768w, https:\/\/rosaquae.it\/wp-content\/uploads\/2020\/10\/Logo-Rosaquae-2020.png 1024w\" sizes=\"(max-width: 200px) 100vw, 200px\" \/><\/a><\/p>\n<p><strong>Privacy Policy di<\/strong><br \/>\n<a href=\"https:\/\/www.rosaquae.it\/\">https:\/\/www.rosaquae.it\/<\/a><\/p>\n<p>Questa Applicazione raccoglie alcuni Dati Personali dei propri Utenti.<\/p>\n<p><strong>Titolare del Trattamento dei Dati<\/strong><br \/>\n<strong>Rosaquae di Danilo Di Dio<\/strong><br \/>\nIndirizzo email del Titolare: <a href=\"mailto:info@rosaquae.it\">info@rosaquae.it<\/a><\/p>\n<p><strong>Tipologie di Dati raccolti<\/strong><br \/>\nFra i Dati Personali raccolti da questa Applicazione, in modo autonomo o tramite terze parti, ci sono: Cookie, Dati di utilizzo, email, nome e cognome,telefono.<br \/>\nDettagli completi su ciascuna tipologia di dati raccolti sono forniti nelle sezioni dedicate di questa privacy policy o mediante specifici testi informativivisualizzati prima della raccolta dei dati stessi.<br \/>\nI Dati Personali possono essere liberamente forniti dall\u2019Utente o, nel caso di Dati di Utilizzo, raccolti automaticamente durante l\u2019uso di questaApplicazione.<br \/>\nSe non diversamente specificato, tutti i Dati richiesti da questa Applicazione sono obbligatori. Se l\u2019Utente rifiuta di comunicarli, potrebbe essereimpossibile per questa Applicazione fornire il Servizio. Nei casi in cui questa Applicazione indichi alcuni Dati come facoltativi, gli Utenti sono liberi diastenersi dal comunicare tali Dati, senza che ci\u00f2 abbia alcuna conseguenza sulla disponibilit\u00e0 del Servizio o sulla sua operativit\u00e0.<br \/>\nGli Utenti che dovessero avere dubbi su quali Dati siano obbligatori, sono incoraggiati a contattare il Titolare.<br \/>\nL\u2019eventuale utilizzo di Cookie \u2013 o di altri strumenti di tracciamento \u2013 da parte di questa Applicazione o dei titolari dei servizi terzi utilizzati da questaApplicazione, ove non diversamente precisato, ha la finalit\u00e0 di fornire il Servizio richiesto dall\u2019Utente, oltre alle ulteriori finalit\u00e0 descritte nelpresente documento e nella Cookie Policy, se disponibile.<br \/>\nL\u2019Utente si assume la responsabilit\u00e0 dei Dati Personali di terzi ottenuti, pubblicati o condivisi mediante questa Applicazione e garantisce di avere ildiritto di comunicarli o diffonderli, liberando il Titolare da qualsiasi responsabilit\u00e0 verso terzi.<\/p>\n<p><strong>Modalit\u00e0 e luogo del trattamento dei Dati raccolti<\/strong><\/p>\n<p><strong>Modalit\u00e0 di trattamento<\/strong><br \/>\nIl Titolare adotta le opportune misure di sicurezza volte ad impedire l\u2019accesso, la divulgazione, la modifica o la distruzione non autorizzate dei DatiPersonali.<br \/>\nIl trattamento viene effettuato mediante strumenti informatici e\/o telematici, con modalit\u00e0 organizzative e con logiche strettamente correlate alle finalit\u00e0indicate. Oltre al Titolare, in alcuni casi, potrebbero avere accesso ai Dati altri soggetti coinvolti nell\u2019organizzazione di questa Applicazione (personaleamministrativo, commerciale, marketing, legali, amministratori di sistema) ovvero soggetti esterni (come fornitori di servizi tecnici terzi, corrieri postali,hosting provider, societ\u00e0 informatiche, agenzie di comunicazione) nominati anche, se necessario, Responsabili del Trattamento da parte del Titolare. L\u2019elencoaggiornato dei Responsabili potr\u00e0 sempre essere richiesto al Titolare del Trattamento.<\/p>\n<p><strong>Base giuridica del trattamento<\/strong><br \/>\nIl Titolare tratta Dati Personali relativi all\u2019Utente in caso sussista una delle seguenti condizioni:<br \/>\nl\u2019Utente ha prestato il consenso per una o pi\u00f9 finalit\u00e0 specifiche; Nota: in alcuni ordinamenti il Titolare pu\u00f2 essere autorizzato a trattare Dati Personalisenza che debba sussistere il consenso dell\u2019Utente o un\u2019altra delle basi giuridiche specificate di seguito, fino a quando l\u2019Utente non si opponga (\u201copt-out\u201d)a tale trattamento. Ci\u00f2 non \u00e8 tuttavia applicabile qualora il trattamento di Dati Personali sia regolato dalla legislazione europea in materia di protezionedei Dati Personali;<br \/>\nil trattamento \u00e8 necessario all\u2019esecuzione di un contratto con l\u2019Utente e\/o all\u2019esecuzione di misure precontrattuali;<br \/>\nil trattamento \u00e8 necessario per adempiere un obbligo legale al quale \u00e8 soggetto il Titolare;<br \/>\nil trattamento \u00e8 necessario per l\u2019esecuzione di un compito di interesse pubblico o per l\u2019esercizio di pubblici poteri di cui \u00e8 investito il Titolare;<br \/>\nil trattamento \u00e8 necessario per il perseguimento del legittimo interesse del Titolare o di terzi.<br \/>\nE\u2019 comunque sempre possibile richiedere al Titolare di chiarire la concreta base giuridica di ciascun trattamento ed in particolare di specificare se iltrattamento sia basato sulla legge, previsto da un contratto o necessario per concludere un contratto.<\/p>\n<p><strong>Luogo<\/strong><br \/>\nI Dati sono trattati presso le sedi operative del Titolare ed in ogni altro luogo in cui le parti coinvolte nel trattamento siano localizzate. Per ulterioriinformazioni, contatta il Titolare.<br \/>\nI Dati Personali dell\u2019Utente potrebbero essere trasferiti in un paese diverso da quello in cui l\u2019Utente si trova. Per ottenere ulteriori informazioni sulluogo del trattamento l\u2019Utente pu\u00f2 fare riferimento alla sezione relativa ai dettagli sul trattamento dei Dati Personali.<br \/>\nL\u2019Utente ha diritto a ottenere informazioni in merito alla base giuridica del trasferimento di Dati al di fuori dell\u2019Unione Europea o ad un\u2019organizzazioneinternazionale di diritto internazionale pubblico o costituita da due o pi\u00f9 paesi, come ad esempio l\u2019ONU, nonch\u00e9 in merito alle misure di sicurezza adottatedal Titolare per proteggere i Dati.<br \/>\nQualora abbia luogo uno dei trasferimenti appena descritti, l\u2019Utente pu\u00f2 fare riferimento alle rispettive sezioni di questo documento o chiedere informazionial Titolare contattandolo agli estremi riportati in apertura.<br \/>\nPeriodo di conservazione<br \/>\nI Dati sono trattati e conservati per il tempo richiesto dalle finalit\u00e0 per le quali sono stati raccolti.<\/p>\n<p><strong>Pertanto:<\/strong><br \/>\nI Dati Personali raccolti per scopi collegati all\u2019esecuzione di un contratto tra il Titolare e l\u2019Utente saranno trattenuti sino a quando sia completatal\u2019esecuzione di tale contratto.<br \/>\nI Dati Personali raccolti per finalit\u00e0 riconducibili all\u2019interesse legittimo del Titolare saranno trattenuti sino al soddisfacimento di tale interesse.L\u2019Utente pu\u00f2 ottenere ulteriori informazioni in merito all\u2019interesse legittimo perseguito dal Titolare nelle relative sezioni di questo documento ocontattando il Titolare.<br \/>\nQuando il trattamento \u00e8 basato sul consenso dell\u2019Utente, il Titolare pu\u00f2 conservare i Dati Personali pi\u00f9 a lungo sino a quando detto consenso non vengarevocato. Inoltre il Titolare potrebbe essere obbligato a conservare i Dati Personali per un periodo pi\u00f9 lungo in ottemperanza ad un obbligo di legge o perordine di un\u2019autorit\u00e0.<br \/>\nAl termine del periodo di conservazioni i Dati Personali saranno cancellati. Pertanto, allo spirare di tale termine il diritto di accesso, cancellazione,rettificazione ed il diritto alla portabilit\u00e0 dei Dati non potranno pi\u00f9 essere esercitati.<\/p>\n<p><strong>Finalit\u00e0 del Trattamento dei Dati raccolti<\/strong><br \/>\nI Dati dell\u2019Utente sono raccolti per consentire al Titolare di fornire i propri Servizi, cos\u00ec come per le seguenti finalit\u00e0: Contattare l\u2019Utente e Protezionedallo SPAM.<br \/>\nPer ottenere ulteriori informazioni dettagliate sulle finalit\u00e0 del trattamento e sui Dati Personali concretamente rilevanti per ciascuna finalit\u00e0, l\u2019Utentepu\u00f2 fare riferimento alle relative sezioni di questo documento.<br \/>\nDettagli sul trattamento dei Dati Personali<br \/>\nI Dati Personali sono raccolti per le seguenti finalit\u00e0 ed utilizzando i seguenti servizi:<\/p>\n<p><strong>Contattare l\u2019Utente<\/strong><br \/>\nMailing list o newsletter (questa Applicazione)<br \/>\nCon la registrazione alla mailing list o alla newsletter, l\u2019indirizzo email dell\u2019Utente viene automaticamente inserito in una lista di contatti a cui potrannoessere trasmessi messaggi email contenenti informazioni, anche di natura commerciale e promozionale, relative a questa Applicazione. L\u2019indirizzo emaildell\u2019Utente potrebbe anche essere aggiunto a questa lista come risultato della registrazione a questa Applicazione o dopo aver effettuato un acquisto.<\/p>\n<p><strong>Dati Personali raccolti:<\/strong> cognome, email, nome, telefono.<br \/>\nModulo di contatto (questa Applicazione)<\/p>\n<p>L\u2019Utente, compilando con i propri Dati il modulo di contatto, acconsente al loro utilizzo per rispondere alle richieste di informazioni, di preventivo, o diqualunque altra natura indicata dall\u2019intestazione del modulo.<br \/>\nDati Personali raccolti: cognome, email, nome, telefono.<br \/>\nProtezione dallo SPAM<br \/>\nQuesto tipo di servizi analizza il traffico di questa Applicazione, potenzialmente contenente Dati Personali degli Utenti, al fine di filtrarlo da parti ditraffico, messaggi e contenuti riconosciuti come SPAM.<\/p>\n<p><strong>Diritti dell\u2019Utente<\/strong><br \/>\nGli Utenti possono esercitare determinati diritti con riferimento ai Dati trattati dal Titolare.<br \/>\nIn particolare, l\u2019Utente ha il diritto di:<br \/>\nrevocare il consenso in ogni momento. L\u2019Utente pu\u00f2 revocare il consenso al trattamento dei propri Dati Personali precedentemente espresso.<br \/>\nopporsi al trattamento dei propri Dati. L\u2019Utente pu\u00f2 opporsi al trattamento dei propri Dati quando esso avviene su una base giuridica diversa dal consenso.Ulteriori dettagli sul diritto di opposizione sono indicati nella sezione sottostante.<br \/>\naccedere ai propri Dati. L\u2019Utente ha diritto ad ottenere informazioni sui Dati trattati dal Titolare, su determinati aspetti del trattamento ed a ricevere unacopia dei Dati trattati.<br \/>\nverificare e chiedere la rettificazione. L\u2019Utente pu\u00f2 verificare la correttezza dei propri Dati e richiederne l\u2019aggiornamento o la correzione.<br \/>\nottenere la limitazione del trattamento. Quando ricorrono determinate condizioni, l\u2019Utente pu\u00f2 richiedere la limitazione del trattamento dei propri Dati. Intal caso il Titolare non tratter\u00e0 i Dati per alcun altro scopo se non la loro conservazione.<br \/>\nottenere la cancellazione o rimozione dei propri Dati Personali. Quando ricorrono determinate condizioni, l\u2019Utente pu\u00f2 richiedere la cancellazione dei propriDati da parte del Titolare.<br \/>\nricevere i propri Dati o farli trasferire ad altro titolare. L\u2019Utente ha diritto di ricevere i propri Dati in formato strutturato, di uso comune e leggibileda dispositivo automatico e, ove tecnicamente fattibile, di ottenerne il trasferimento senza ostacoli ad un altro titolare. Questa disposizione \u00e8 applicabilequando i Dati sono trattati con strumenti automatizzati ed il trattamento \u00e8 basato sul consenso dell\u2019Utente, su un contratto di cui l\u2019Utente \u00e8 parte o sumisure contrattuali ad esso connesse.<br \/>\nproporre reclamo. L\u2019Utente pu\u00f2 proporre un reclamo all\u2019autorit\u00e0 di controllo della protezione dei dati personali competente o agire in sede giudiziale.<\/p>\n<p><strong>Dettagli sul diritto di opposizione<\/strong><br \/>\nQuando i Dati Personali sono trattati nell\u2019interesse pubblico, nell\u2019esercizio di pubblici poteri di cui \u00e8 investito il Titolare oppure per perseguire uninteresse legittimo del Titolare, gli Utenti hanno diritto ad opporsi al trattamento per motivi connessi alla loro situazione particolare.<br \/>\nSi fa presente agli Utenti che, ove i loro Dati fossero trattati con finalit\u00e0 di marketing diretto, possono opporsi al trattamento senza fornire alcunamotivazione. Per scoprire se il Titolare tratti dati con finalit\u00e0 di marketing diretto gli Utenti possono fare riferimento alle rispettive sezioni di questodocumento.<br \/>\n<strong><br \/>\nCome esercitare i diritti<\/strong><br \/>\nPer esercitare i diritti dell\u2019Utente, gli Utenti possono indirizzare una richiesta agli estremi di contatto del Titolare indicati in questo documento. Lerichieste sono depositate a titolo gratuito e evase dal Titolare nel pi\u00f9 breve tempo possibile, in ogni caso entro un mese.<br \/>\nUlteriori informazioni sul trattamento<\/p>\n<p><strong>Difesa in giudizio<\/strong><br \/>\nI Dati Personali dell\u2019Utente possono essere utilizzati da parte del Titolare in giudizio o nelle fasi preparatorie alla sua eventuale instaurazione per ladifesa da abusi nell\u2019utilizzo di questa Applicazione o dei Servizi connessi da parte dell\u2019Utente.<br \/>\nL\u2019Utente dichiara di essere consapevole che il Titolare potrebbe essere obbligato a rivelare i Dati per ordine delle autorit\u00e0 pubbliche.<\/p>\n<p><strong>Informative specifiche<\/strong><br \/>\nSu richiesta dell\u2019Utente, in aggiunta alle informazioni contenute in questa privacy policy, questa Applicazione potrebbe fornire all\u2019Utente delle informative<br \/>\naggiuntive e contestuali riguardanti Servizi specifici, o la raccolta ed il trattamento di Dati Personali.<br \/>\nLog di sistema e manutenzione<br \/>\nPer necessit\u00e0 legate al funzionamento ed alla manutenzione, questa Applicazione e gli eventuali servizi terzi da essa utilizzati potrebbero raccogliere Log disistema, ossia file che registrano le interazioni e che possono contenere anche Dati Personali, quali l\u2019indirizzo IP Utente.<br \/>\nInformazioni non contenute in questa policy<br \/>\nUlteriori informazioni in relazione al trattamento dei Dati Personali potranno essere richieste in qualsiasi momento al Titolare del Trattamento utilizzandogli estremi di contatto.<br \/>\nRisposta alle richieste \u201eDo Not Track\u201d<br \/>\nQuesta Applicazione non supporta le richieste \u201cDo Not Track\u201d.<br \/>\nPer scoprire se gli eventuali servizi di terze parti utilizzati le supportino, l\u2019Utente \u00e8 invitato a consultare le rispettive privacy policy.<br \/>\nModifiche a questa privacy policy<br \/>\nIl Titolare del Trattamento si riserva il diritto di apportare modifiche alla presente privacy policy in qualunque momento dandone informazione agli Utenti suquesta pagina e, se possibile, su questa Applicazione nonch\u00e9, qualora tecnicamente e legalmente fattibile, inviando una notifica agli Utenti attraverso unodegli estremi di contatto di cui \u00e8 in possesso il Titolare . Si prega dunque di consultare regolarmente questa pagina, facendo riferimento alla data di ultimamodifica indicata in fondo.<br \/>\nQualora le modifiche interessino trattamenti la cui base giuridica \u00e8 il consenso, il Titolare provveder\u00e0 a raccogliere nuovamente il consenso dell\u2019Utente, senecessario.<br \/>\nDefinizioni e riferimenti legali<\/p>\n<p><strong>Dati Personali (o Dati)<\/strong><br \/>\nCostituisce dato personale qualunque informazione che, direttamente o indirettamente, anche in collegamento con qualsiasi altra informazione, ivi compreso unnumero di identificazione personale, renda identificata o identificabile una persona fisica.<\/p>\n<p><strong>Dati di Utilizzo<\/strong><br \/>\nSono le informazioni raccolte automaticamente attraverso questa Applicazione (anche da applicazioni di parti terze integrate in questa Applicazione), tra cui:gli indirizzi IP o i nomi a dominio dei computer utilizzati dall\u2019Utente che si connette con questa Applicazione, gli indirizzi in notazione URI (UniformResource Identifier), l\u2019orario della richiesta, il metodo utilizzato nell\u2019inoltrare la richiesta al server, la dimensione del file ottenuto in risposta, ilcodice numerico indicante lo stato della risposta dal server (buon fine, errore, ecc.) il paese di provenienza, le caratteristiche del browser e del sistemaoperativo utilizzati dal visitatore, le varie connotazioni temporali della visita (ad esempio il tempo di permanenza su ciascuna pagina) e i dettagli relativiall\u2019itinerario seguito all\u2019interno dell\u2019Applicazione, con particolare riferimento alla sequenza delle pagine consultate, ai parametri relativi al sistemaoperativo e all\u2019ambiente informatico dell\u2019Utente.<br \/>\nUtente<br \/>\nL\u2019individuo che utilizza questa Applicazione che, salvo ove diversamente specificato, coincide con l\u2019Interessato.<\/p>\n<p><strong>Interessato<\/strong><br \/>\nLa persona fisica cui si riferiscono i Dati Personali.<br \/>\nResponsabile del Trattamento (o Responsabile)<br \/>\nLa persona fisica, giuridica, la pubblica amministrazione e qualsiasi altro ente che tratta dati personali per conto del Titolare, secondo quanto espostonella presente privacy policy.<br \/>\nTitolare del Trattamento (o Titolare)<br \/>\nLa persona fisica o giuridica, l\u2019autorit\u00e0 pubblica, il servizio o altro organismo che, singolarmente o insieme ad altri, determina le finalit\u00e0 e i mezzi deltrattamento di dati personali e gli strumenti adottati, ivi comprese le misure di sicurezza relative al funzionamento ed alla fruizione di questaApplicazione. Il Titolare del Trattamento, salvo quanto diversamente specificato, \u00e8 il titolare di questa Applicazione.<\/p>\n<p><strong>Questa Applicazione<\/strong><br \/>\nLo strumento hardware o software mediante il quale sono raccolti e trattati i Dati Personali degli Utenti.<\/p>\n<p><strong>Servizio<\/strong><br \/>\nIl Servizio fornito da questa Applicazione cos\u00ec come definito nei relativi termini (se presenti) su questo sito\/applicazione.<br \/>\nUnione Europea (o UE)<br \/>\nSalvo ove diversamente specificato, ogni riferimento all\u2019Unione Europea contenuto in questo documento si intende esteso a tutti gli attuali stati membridell\u2019Unione Europea e dello Spazio Economico Europeo.<\/p>\n<p><strong>Cookie<\/strong><br \/>\nPiccola porzione di dati conservata all\u2019interno del dispositivo dell\u2019Utente.<\/p>\n<p><strong>Riferimenti legali<\/strong><br \/>\nLa presente informativa privacy \u00e8 redatta sulla base di molteplici ordinamenti legislativi, inclusi gli artt. 13 e 14 del Regolamento (UE) 2016\/679.<br \/>\nOve non diversamente specificato, questa informativa privacy riguarda esclusivamente questa Applicazione.<br \/>\n<strong>Ultima modifica: 17 Maggio 2021<\/strong><\/p>\n","protected":false},"excerpt":{"rendered":"<p>Privacy Policy di https:\/\/www.rosaquae.it\/ Questa Applicazione raccoglie alcuni Dati Personali dei propri Utenti. Titolare del Trattamento dei Dati Rosaquae di Danilo Di Dio Indirizzo email del Titolare: info@rosaquae.it Tipologie di Dati raccolti Fra i Dati Personali raccolti da questa Applicazione, in modo autonomo o tramite terze parti, ci sono: Cookie, Dati di utilizzo, email, nome [&hellip;]<\/p>\n","protected":false},"author":1,"featured_media":0,"parent":0,"menu_order":0,"comment_status":"closed","ping_status":"closed","template":"","meta":{"footnotes":""},"class_list":["post-3","page","type-page","status-publish","hentry","entry"],"_links":{"self":[{"href":"https:\/\/rosaquae.it\/index.php\/wp-json\/wp\/v2\/pages\/3","targetHints":{"allow":["GET"]}}],"collection":[{"href":"https:\/\/rosaquae.it\/index.php\/wp-json\/wp\/v2\/pages"}],"about":[{"href":"https:\/\/rosaquae.it\/index.php\/wp-json\/wp\/v2\/types\/page"}],"author":[{"embeddable":true,"href":"https:\/\/rosaquae.it\/index.php\/wp-json\/wp\/v2\/users\/1"}],"replies":[{"embeddable":true,"href":"https:\/\/rosaquae.it\/index.php\/wp-json\/wp\/v2\/comments?post=3"}],"version-history":[{"count":7,"href":"https:\/\/rosaquae.it\/index.php\/wp-json\/wp\/v2\/pages\/3\/revisions"}],"predecessor-version":[{"id":167,"href":"https:\/\/rosaquae.it\/index.php\/wp-json\/wp\/v2\/pages\/3\/revisions\/167"}],"wp:attachment":[{"href":"https:\/\/rosaquae.it\/index.php\/wp-json\/wp\/v2\/media?parent=3"}],"curies":[{"name":"wp","href":"https:\/\/api.w.org\/{rel}","templated":true}]}}