{"id":2,"date":"2020-09-30T07:19:41","date_gmt":"2020-09-30T07:19:41","guid":{"rendered":"https:\/\/rosaquae.it\/?page_id=2"},"modified":"2021-05-17T16:01:19","modified_gmt":"2021-05-17T16:01:19","slug":"progetto-rosaquae","status":"publish","type":"page","link":"https:\/\/rosaquae.it\/index.php\/progetto-rosaquae\/","title":{"rendered":"Rosaquae Progetto"},"content":{"rendered":"\t\t<div data-elementor-type=\"wp-page\" data-elementor-id=\"2\" class=\"elementor elementor-2\">\n\t\t\t\t\t\t<section class=\"elementor-section elementor-top-section elementor-element elementor-element-3b6285d1 elementor-section-full_width elementor-section-stretched elementor-section-height-default elementor-section-height-default\" data-id=\"3b6285d1\" data-element_type=\"section\" data-e-type=\"section\" data-settings=\"{&quot;stretch_section&quot;:&quot;section-stretched&quot;}\">\n\t\t\t\t\t\t<div class=\"elementor-container elementor-column-gap-default\">\n\t\t\t\t\t<div class=\"elementor-column elementor-col-100 elementor-top-column elementor-element elementor-element-fc4a017\" data-id=\"fc4a017\" data-element_type=\"column\" data-e-type=\"column\">\n\t\t\t<div class=\"elementor-widget-wrap elementor-element-populated\">\n\t\t\t\t\t\t<div class=\"elementor-element elementor-element-195357c elementor-widget elementor-widget-image\" data-id=\"195357c\" data-element_type=\"widget\" data-e-type=\"widget\" data-widget_type=\"image.default\">\n\t\t\t\t<div class=\"elementor-widget-container\">\n\t\t\t\t\t\t\t\t\t\t\t\t\t\t\t\t<a href=\"https:\/\/rosaquae.it\/\">\n\t\t\t\t\t\t\t<img decoding=\"async\" width=\"300\" height=\"152\" src=\"https:\/\/rosaquae.it\/wp-content\/uploads\/2020\/10\/Logo-Rosaquae-2020-300x152.png\" class=\"attachment-medium size-medium wp-image-21\" alt=\"\" srcset=\"https:\/\/rosaquae.it\/wp-content\/uploads\/2020\/10\/Logo-Rosaquae-2020-300x152.png 300w, https:\/\/rosaquae.it\/wp-content\/uploads\/2020\/10\/Logo-Rosaquae-2020-768x390.png 768w, https:\/\/rosaquae.it\/wp-content\/uploads\/2020\/10\/Logo-Rosaquae-2020.png 1024w\" sizes=\"(max-width: 300px) 100vw, 300px\" \/>\t\t\t\t\t\t\t\t<\/a>\n\t\t\t\t\t\t\t\t\t\t\t\t\t\t\t<\/div>\n\t\t\t\t<\/div>\n\t\t\t\t\t<\/div>\n\t\t<\/div>\n\t\t\t\t\t<\/div>\n\t\t<\/section>\n\t\t\t\t<section class=\"elementor-section elementor-top-section elementor-element elementor-element-cb0de02 elementor-section-full_width elementor-section-stretched elementor-section-height-default elementor-section-height-default\" data-id=\"cb0de02\" data-element_type=\"section\" data-e-type=\"section\" data-settings=\"{&quot;stretch_section&quot;:&quot;section-stretched&quot;}\">\n\t\t\t\t\t\t<div class=\"elementor-container elementor-column-gap-default\">\n\t\t\t\t\t<div class=\"elementor-column elementor-col-100 elementor-top-column elementor-element elementor-element-5908ec4\" data-id=\"5908ec4\" data-element_type=\"column\" data-e-type=\"column\">\n\t\t\t<div class=\"elementor-widget-wrap elementor-element-populated\">\n\t\t\t\t\t\t<div class=\"elementor-element elementor-element-9db1553 elementor-widget elementor-widget-text-editor\" data-id=\"9db1553\" data-element_type=\"widget\" data-e-type=\"widget\" data-widget_type=\"text-editor.default\">\n\t\t\t\t<div class=\"elementor-widget-container\">\n\t\t\t\t\t\t\t\t\t<p style=\"text-align: center;\"><span style=\"color: #000080;\"><strong>Il progetto Rosaquae &#8211; Casa dell\u2019Acqua <\/strong><\/span>intende promuovere l\u2019utilizzo dell\u2019acqua pubblica di qualit\u00e0. <strong><span style=\"color: #000080;\">Con la casa dell\u2019Acqua le strutture usufruiscono di un servizio \u201cpubblico\u201d in pi\u00f9, <\/span><\/strong>apprezzando sia la<strong><span style=\"color: #000080;\"> qualit\u00e0 dell\u2019acqua spillata <\/span><\/strong>sia il <strong><span style=\"color: #000080;\">risparmio<\/span>.<\/strong><\/p>\t\t\t\t\t\t\t\t<\/div>\n\t\t\t\t<\/div>\n\t\t\t\t\t<\/div>\n\t\t<\/div>\n\t\t\t\t\t<\/div>\n\t\t<\/section>\n\t\t\t\t<section class=\"elementor-section elementor-top-section elementor-element elementor-element-164ae99 elementor-section-full_width elementor-section-stretched elementor-section-height-default elementor-section-height-default\" data-id=\"164ae99\" data-element_type=\"section\" data-e-type=\"section\" data-settings=\"{&quot;stretch_section&quot;:&quot;section-stretched&quot;}\">\n\t\t\t\t\t\t<div class=\"elementor-container elementor-column-gap-default\">\n\t\t\t\t\t<div class=\"elementor-column elementor-col-100 elementor-top-column elementor-element elementor-element-595f3a0\" data-id=\"595f3a0\" data-element_type=\"column\" data-e-type=\"column\">\n\t\t\t<div class=\"elementor-widget-wrap elementor-element-populated\">\n\t\t\t\t\t\t<div class=\"elementor-element elementor-element-6dd07b9 elementor-widget elementor-widget-text-editor\" data-id=\"6dd07b9\" data-element_type=\"widget\" data-e-type=\"widget\" data-widget_type=\"text-editor.default\">\n\t\t\t\t<div class=\"elementor-widget-container\">\n\t\t\t\t\t\t\t\t\t<p style=\"text-align: center;\">Progetto Rosaquae<\/p>\t\t\t\t\t\t\t\t<\/div>\n\t\t\t\t<\/div>\n\t\t\t\t<div class=\"elementor-element elementor-element-b2766e0 elementor-widget elementor-widget-text-editor\" data-id=\"b2766e0\" data-element_type=\"widget\" data-e-type=\"widget\" data-widget_type=\"text-editor.default\">\n\t\t\t\t<div class=\"elementor-widget-container\">\n\t\t\t\t\t\t\t\t\t<p>L\u2019Italia \u00e8 in cima ai Paesi europei per i consumi di acqua in bottiglia e al terzo nella classifica mondiale (dopo Emirati Arabi e Messico). In base al rapporto Beverfood 2009\/2010 <strong>gli Italiani nel 2008 hanno acquistato 12,5 miliardi di litri di acqua in bottiglia<\/strong>, ossia 194 litri di acqua all\u2019anno a testa. Il motivo di questo primato? <strong>Un italiano su tre non si fida dell\u2019acqua del rubinetto<\/strong> (dati Istat annuario degli indicatori ambientali 2007).<\/p><p>Molti italiani non sono a conoscenza che <strong>l\u2019acqua minerale non \u00e8<\/strong>, n\u00e9 per definizione, n\u00e9 in pratica, <strong>necessariamente pi\u00f9 pura e pi\u00f9 sana dell\u2019acqua potabile.<\/strong><\/p><p>Infatti, <b>l\u2019acqua minerale non \u00e8<\/b> considerata dal legislatore un\u2019acqua potabile, ma bens\u00ec un\u2019acqua terapeutica in ragione di certe caratteristiche fisico-chimiche che ne suggeriscono un<b> uso per fini specifici.<\/b><br \/><b>Per queste ragioni \u00e8 consentito alle acque minerali di contenere sostanze come l\u2019arsenico, il sodio, il cadmio in quantit\u00e0 superiori a quelle invece interdette per l\u2019acqua potabile<\/b><\/p><p>\u00a0<\/p>\t\t\t\t\t\t\t\t<\/div>\n\t\t\t\t<\/div>\n\t\t\t\t\t<\/div>\n\t\t<\/div>\n\t\t\t\t\t<\/div>\n\t\t<\/section>\n\t\t\t\t<section class=\"elementor-section elementor-top-section elementor-element elementor-element-19ff6c2 elementor-section-full_width elementor-section-stretched elementor-section-height-default elementor-section-height-default\" data-id=\"19ff6c2\" data-element_type=\"section\" data-e-type=\"section\" data-settings=\"{&quot;stretch_section&quot;:&quot;section-stretched&quot;}\">\n\t\t\t\t\t\t<div class=\"elementor-container elementor-column-gap-default\">\n\t\t\t\t\t<div class=\"elementor-column elementor-col-100 elementor-top-column elementor-element elementor-element-5f9f76a\" data-id=\"5f9f76a\" data-element_type=\"column\" data-e-type=\"column\">\n\t\t\t<div class=\"elementor-widget-wrap elementor-element-populated\">\n\t\t\t\t\t\t<div class=\"elementor-element elementor-element-b83047b elementor-widget elementor-widget-image\" data-id=\"b83047b\" data-element_type=\"widget\" data-e-type=\"widget\" data-widget_type=\"image.default\">\n\t\t\t\t<div class=\"elementor-widget-container\">\n\t\t\t\t\t\t\t\t\t\t\t\t\t\t\t<img fetchpriority=\"high\" decoding=\"async\" width=\"700\" height=\"500\" src=\"https:\/\/rosaquae.it\/wp-content\/uploads\/2020\/10\/Rosaquae_BoxHP_07.png\" class=\"attachment-large size-large wp-image-96\" alt=\"\" srcset=\"https:\/\/rosaquae.it\/wp-content\/uploads\/2020\/10\/Rosaquae_BoxHP_07.png 700w, https:\/\/rosaquae.it\/wp-content\/uploads\/2020\/10\/Rosaquae_BoxHP_07-300x214.png 300w\" sizes=\"(max-width: 700px) 100vw, 700px\" \/>\t\t\t\t\t\t\t\t\t\t\t\t\t\t\t<\/div>\n\t\t\t\t<\/div>\n\t\t\t\t\t<\/div>\n\t\t<\/div>\n\t\t\t\t\t<\/div>\n\t\t<\/section>\n\t\t\t\t<section class=\"elementor-section elementor-top-section elementor-element elementor-element-e752990 elementor-section-full_width elementor-section-stretched elementor-section-height-default elementor-section-height-default\" data-id=\"e752990\" data-element_type=\"section\" data-e-type=\"section\" data-settings=\"{&quot;stretch_section&quot;:&quot;section-stretched&quot;}\">\n\t\t\t\t\t\t<div class=\"elementor-container elementor-column-gap-default\">\n\t\t\t\t\t<div class=\"elementor-column elementor-col-100 elementor-top-column elementor-element elementor-element-7d9f7d1\" data-id=\"7d9f7d1\" data-element_type=\"column\" data-e-type=\"column\">\n\t\t\t<div class=\"elementor-widget-wrap elementor-element-populated\">\n\t\t\t\t\t\t<div class=\"elementor-element elementor-element-3e2decb elementor-widget elementor-widget-text-editor\" data-id=\"3e2decb\" data-element_type=\"widget\" data-e-type=\"widget\" data-widget_type=\"text-editor.default\">\n\t\t\t\t<div class=\"elementor-widget-container\">\n\t\t\t\t\t\t\t\t\t<p>Mentre <strong>non \u00e8 permesso\u00a0all\u2019acqua\u00a0potabile di avere pi\u00f9 di 10 \u00b5g\/l (microgrammi per litro) di arsenico<\/span><\/strong>, \u00e8 frequente che <\/span><strong>la maggior parte delle acque minerali siano contenute 40\/50\/ \u00b5g\/l di arsenico senza l\u2019obbligo di dichiararlo\u00a0sull\u2019etichetta.<\/strong> Lo stesso vale per le altre sostanze. Una clamorosa omissione che pu\u00f2 essere pericolosa per la salute di chi beve sistematicamente la stessa acqua minerale per anni senza controllo medico.<\/p>\n<p style=\"text-align: justify;\">Inoltre, se le bottiglie d\u2019acqua in <strong>PET\/PVC<\/strong> sono esposte al caldo o al freddo <strong>sprigionano diossina<\/strong> che risulta <strong>tossica<\/strong> per la salute umana.<\/span><\/p>\n<p style=\"text-align: justify;\">Infine, e non meno importante, \u00e8 da considerare l\u2019alto consumo di plastica che l\u2019acqua imbottigliata comporta.<\/span><\/p>\n<p style=\"text-align: justify;\"><strong>Se esistono questi svantaggi per l\u2019acqua in bottiglia perch\u00e9 gli Italiani non si fidano di bere l\u2019acqua del rubinetto?<\/strong><\/span><\/p>\n<p style=\"text-align: justify;\">Salvo casi particolari, si tratta di un errata percezione che i cittadini hanno nei confronti dell\u2019acqua del rubinetto.<\/span><\/p>\t\t\t\t\t\t\t\t<\/div>\n\t\t\t\t<\/div>\n\t\t\t\t<div class=\"elementor-element elementor-element-917675d elementor-widget elementor-widget-text-editor\" data-id=\"917675d\" data-element_type=\"widget\" data-e-type=\"widget\" data-widget_type=\"text-editor.default\">\n\t\t\t\t<div class=\"elementor-widget-container\">\n\t\t\t\t\t\t\t\t\t<h2 style=\"text-align: left;\"><img decoding=\"async\" class=\"alignleft wp-image-145\" src=\"https:\/\/rosaquae.it\/wp-content\/uploads\/2020\/10\/Rosaquae_Box_Progetto_01-300x300.png\" alt=\"\" width=\"380\" height=\"380\" srcset=\"https:\/\/rosaquae.it\/wp-content\/uploads\/2020\/10\/Rosaquae_Box_Progetto_01-300x300.png 300w, https:\/\/rosaquae.it\/wp-content\/uploads\/2020\/10\/Rosaquae_Box_Progetto_01-150x150.png 150w, https:\/\/rosaquae.it\/wp-content\/uploads\/2020\/10\/Rosaquae_Box_Progetto_01.png 308w\" sizes=\"(max-width: 380px) 100vw, 380px\" \/><span style=\"color: #23a5e5;\">La cosiddetta<strong> \u201cAcqua del Sindaco\u201d <\/strong>\u00e8:<\/span><\/h2><ul><li><strong>Buona<\/strong>, perch\u00e9 deve rispondere a requisiti di qualit\u00e0 pi\u00f9 severi rispetto all\u2019acqua imbottigliata.<\/li><li><strong>Controllata<\/strong>, perch\u00e9 \u00e8 sottoposta a controlli costanti stabiliti dalle normative vigenti.<\/li><li><strong>Economica<\/strong>, perch\u00e9 il costo dell\u2019acqua di rubinetto \u00e8 in media 5 millesimi di euro al litro, circa 1000 volte in meno rispetto l\u2019acquisto di una minerale.<\/li><li><strong>Ecologica<\/strong>, in quanto non inquina e aiuta l\u2019ambiente.<\/li><\/ul>\t\t\t\t\t\t\t\t<\/div>\n\t\t\t\t<\/div>\n\t\t\t\t<div class=\"elementor-element elementor-element-0242a5c elementor-widget elementor-widget-image\" data-id=\"0242a5c\" data-element_type=\"widget\" data-e-type=\"widget\" data-widget_type=\"image.default\">\n\t\t\t\t<div class=\"elementor-widget-container\">\n\t\t\t\t\t\t\t\t\t\t\t\t\t\t\t<img loading=\"lazy\" decoding=\"async\" width=\"500\" height=\"500\" src=\"https:\/\/rosaquae.it\/wp-content\/uploads\/2020\/10\/Rosaquae_BoxHP_02.png\" class=\"attachment-large size-large wp-image-72\" alt=\"\" srcset=\"https:\/\/rosaquae.it\/wp-content\/uploads\/2020\/10\/Rosaquae_BoxHP_02.png 500w, https:\/\/rosaquae.it\/wp-content\/uploads\/2020\/10\/Rosaquae_BoxHP_02-300x300.png 300w, https:\/\/rosaquae.it\/wp-content\/uploads\/2020\/10\/Rosaquae_BoxHP_02-150x150.png 150w\" sizes=\"(max-width: 500px) 100vw, 500px\" \/>\t\t\t\t\t\t\t\t\t\t\t\t\t\t\t<\/div>\n\t\t\t\t<\/div>\n\t\t\t\t<div class=\"elementor-element elementor-element-03c0bea elementor-widget elementor-widget-text-editor\" data-id=\"03c0bea\" data-element_type=\"widget\" data-e-type=\"widget\" data-widget_type=\"text-editor.default\">\n\t\t\t\t<div class=\"elementor-widget-container\">\n\t\t\t\t\t\t\t\t\t<ul><li>L\u2019acqua distribuita dal comune \u00e8 buona, le casette rendono l\u2019acqua pi\u00f9 gradevole al palato e pi\u00f9 vicina ai gusti e abitudini dei consumatori, in quanto grazie a un processo di micro-filtrazione si eliminano cloro, odori, sapori e colori, qualora presenti. Il cloro ha un ruolo fondamentale nell\u2019acqua potabile in quanto distrugge i batteri e garantisce l\u2019assenza di carica batterica lungo la rete di distribuzione. Per contro l\u2019odore pu\u00f2 essere sgradevole e diventa un vantaggio poterlo rimuovere appena prima dell\u2019uso.<\/li><li>L\u2019acqua distribuita dal comune \u00e8 controllata e sicura, le casette migliorano il livello di sicurezza, in quanto una speciale lampada a raggi ultravioletti, sterilizza l\u2019acqua prima dell\u2019erogazione. Questo sistema permette di distruggere il DNA dei batteri con il vantaggio che non vi \u00e8 dosaggio di alcuna sostanza nell\u2019acqua erogata<\/li><li>L\u2019acqua distribuita dal comune \u00e8 economica, l\u2019acqua erogata dalle casette resta economica. Con il distributore \u201cRosaquae\u201d l\u2019acqua non solo \u00e8 micro-filtrata e sterilizzata, ma \u00e8 anche naturale e frizzante refrigerata. Ovviamente per questi ulteriori servizi c\u2019\u00e8 un aumento del prezzo rispetto all\u2019acqua di acquedotto, ma il prezzo al pubblico resta comunque molto pi\u00f9 basso rispetto all\u2019acqua imbottigliata.<br \/>Il Servizio \u00e8 proposto a partire da 3,00 euro sino ad un massimo di 10,00 euro ad unit\u00e0 abitativa (secondo le adesioni ed il numero di unit\u00e0 abitative del condominio).<\/li><li>L\u2019acqua distribuita dal comune \u00e8 ecologica, le casette sono un concreto esempio di sostenibilit\u00e0 perch\u00e9 abbatte il consumo di plastica ed il relativo costo di smaltimento.<\/li><\/ul>\t\t\t\t\t\t\t\t<\/div>\n\t\t\t\t<\/div>\n\t\t\t\t<div class=\"elementor-element elementor-element-8255031 elementor-widget elementor-widget-image\" data-id=\"8255031\" data-element_type=\"widget\" data-e-type=\"widget\" data-widget_type=\"image.default\">\n\t\t\t\t<div class=\"elementor-widget-container\">\n\t\t\t\t\t\t\t\t\t\t\t\t\t\t\t<img loading=\"lazy\" decoding=\"async\" width=\"500\" height=\"500\" src=\"https:\/\/rosaquae.it\/wp-content\/uploads\/2020\/10\/Rosaquae_BoxHP_08.png\" class=\"attachment-large size-large wp-image-104\" alt=\"\" srcset=\"https:\/\/rosaquae.it\/wp-content\/uploads\/2020\/10\/Rosaquae_BoxHP_08.png 500w, https:\/\/rosaquae.it\/wp-content\/uploads\/2020\/10\/Rosaquae_BoxHP_08-300x300.png 300w, https:\/\/rosaquae.it\/wp-content\/uploads\/2020\/10\/Rosaquae_BoxHP_08-150x150.png 150w\" sizes=\"(max-width: 500px) 100vw, 500px\" \/>\t\t\t\t\t\t\t\t\t\t\t\t\t\t\t<\/div>\n\t\t\t\t<\/div>\n\t\t\t\t<div class=\"elementor-element elementor-element-596f273 elementor-widget elementor-widget-heading\" data-id=\"596f273\" data-element_type=\"widget\" data-e-type=\"widget\" data-widget_type=\"heading.default\">\n\t\t\t\t<div class=\"elementor-widget-container\">\n\t\t\t\t\t<h2 class=\"elementor-heading-title elementor-size-default\"><a href=\"https:\/\/rosaquae.it\/\">&lt;&lt; Indietro<\/a><\/h2>\t\t\t\t<\/div>\n\t\t\t\t<\/div>\n\t\t\t\t\t<\/div>\n\t\t<\/div>\n\t\t\t\t\t<\/div>\n\t\t<\/section>\n\t\t\t\t<\/div>\n\t\t","protected":false},"excerpt":{"rendered":"<p>Il progetto Rosaquae &#8211; Casa dell\u2019Acqua intende promuovere l\u2019utilizzo dell\u2019acqua pubblica di qualit\u00e0. Con la casa dell\u2019Acqua le strutture usufruiscono di un servizio \u201cpubblico\u201d in pi\u00f9, apprezzando sia la qualit\u00e0 dell\u2019acqua spillata sia il risparmio. Progetto Rosaquae L\u2019Italia \u00e8 in cima ai Paesi europei per i consumi di acqua in bottiglia e al terzo nella [&hellip;]<\/p>\n","protected":false},"author":1,"featured_media":0,"parent":0,"menu_order":0,"comment_status":"closed","ping_status":"closed","template":"","meta":{"footnotes":""},"class_list":["post-2","page","type-page","status-publish","hentry","entry"],"_links":{"self":[{"href":"https:\/\/rosaquae.it\/index.php\/wp-json\/wp\/v2\/pages\/2","targetHints":{"allow":["GET"]}}],"collection":[{"href":"https:\/\/rosaquae.it\/index.php\/wp-json\/wp\/v2\/pages"}],"about":[{"href":"https:\/\/rosaquae.it\/index.php\/wp-json\/wp\/v2\/types\/page"}],"author":[{"embeddable":true,"href":"https:\/\/rosaquae.it\/index.php\/wp-json\/wp\/v2\/users\/1"}],"replies":[{"embeddable":true,"href":"https:\/\/rosaquae.it\/index.php\/wp-json\/wp\/v2\/comments?post=2"}],"version-history":[{"count":25,"href":"https:\/\/rosaquae.it\/index.php\/wp-json\/wp\/v2\/pages\/2\/revisions"}],"predecessor-version":[{"id":174,"href":"https:\/\/rosaquae.it\/index.php\/wp-json\/wp\/v2\/pages\/2\/revisions\/174"}],"wp:attachment":[{"href":"https:\/\/rosaquae.it\/index.php\/wp-json\/wp\/v2\/media?parent=2"}],"curies":[{"name":"wp","href":"https:\/\/api.w.org\/{rel}","templated":true}]}}